{"id":128,"date":"2025-05-14T18:40:51","date_gmt":"2025-05-14T23:40:51","guid":{"rendered":"https:\/\/sandovalarmstrong.com\/es\/?page_id=128"},"modified":"2025-05-15T08:57:56","modified_gmt":"2025-05-15T13:57:56","slug":"preguntas-frecuentes","status":"publish","type":"page","link":"https:\/\/sandovalarmstrong.com\/es\/reclamos-de-compensacion-laboral-de-lowes\/preguntas-frecuentes\/","title":{"rendered":"Preguntas frecuentes sobre lesiones laborales en Lowe\u2019s para empleados del Norte de Texas"},"content":{"rendered":"\n<h2 class=\"wp-block-heading\">Lo que debe saber sobre reclamos de no suscriptores<\/h2>\n\n\n\n<p>\u00bfSe lesion\u00f3 trabajando en <strong>Lowe\u2019s<\/strong> en el <strong>Norte de Texas<\/strong>? Si es as\u00ed, quiz\u00e1s se pregunte cu\u00e1les son sus opciones legales, especialmente porque <strong>Lowe\u2019s es un no suscriptor de Texas<\/strong>, lo que significa que <strong>no participa en el sistema tradicional de compensaci\u00f3n laboral del estado<\/strong>.<\/p>\n\n\n\n<p>En <strong>Sandoval Armstrong, PLLC<\/strong>, representamos a trabajadores lesionados en <strong>Dallas, Fort Worth, Arlington, Denton y todo el Norte de Texas<\/strong>, ayud\u00e1ndoles a navegar estos complejos reclamos de no suscriptores. A continuaci\u00f3n encontrar\u00e1 respuestas a las preguntas m\u00e1s frecuentes que recibimos de empleados de Lowe\u2019s despu\u00e9s de una lesi\u00f3n laboral.<\/p>\n\n\n\n<div class=\"panel panel-default panel-onthispage\">\n  <div class=\"panel-body\">\n<span class=\"h3\"><strong>En esta p\u00e1gina<\/strong><\/span><ul>\n<li><a href=\"#howitworks\">\u00bfC\u00f3mo funciona la compensaci\u00f3n laboral de Lowe&#8217;s?<\/a><\/li>\n<li><a href=\"#selfinsured\">\u00bfLowe\u2019s tiene cobertura de compensaci\u00f3n laboral en el Norte de Texas?<\/a><\/li>\n<li><a href=\"#whentoclaim\">\u00bfCu\u00e1nto tiempo debo esperar para iniciar un reclamo de compensaci\u00f3n laboral en Lowe&#8217;s?<\/a><\/li>\n<li><a href=\"#ifdoctorlies\">\u00bfPor qu\u00e9 un m\u00e9dico de compensaci\u00f3n laboral mentir\u00eda sobre mi lesi\u00f3n en Lowe&#8217;s?<\/a><\/li>\n<li><a href=\"#ifyouquit\">\u00bfQu\u00e9 sucede si renuncia durante su compensaci\u00f3n laboral de Lowe&#8217;s?<\/a><\/li>\n<li><a href=\"#limitofbenefits\">\u00bfHay l\u00edmite de beneficios en casos de compensaci\u00f3n de Lowe&#8217;s?<\/a><\/li>\n<li><a href=\"#fullpay\">\u00bfRecibo salario completo de Lowe&#8217;s si no puedo trabajar por una lesi\u00f3n?<\/a><\/li>\n<li><a href=\"#collect\">\u00bfPuede recibir compensaci\u00f3n vitalicia por lesiones graves?<\/a><\/li>\n<li><a href=\"#ifyoulose\">\u00bfQu\u00e9 hacer si pierde a un ser querido en accidente laboral?<\/a><\/li>\n<li><a href=\"#gettinglawyer\">\u00bfDebo contratar un abogado si me lesion\u00e9 en Lowe&#8217;s?<\/a><\/li>\n<\/ul><\/div><\/div>\n\n\n\n<h3 class=\"wp-block-heading\" id=\"howitworks\">\u00bfC\u00f3mo funciona la compensaci\u00f3n laboral de Lowe&#8217;s?<\/h3>\n\n\n\n<p>Lowe&#8217;s es un <a href=\"https:\/\/sandovalpllc.com\/work-injury-lawyer\/non-subscribers\/\" target=\"_blank\" rel=\"noopener noreferrer\">empleador no suscriptor de Texas<\/a>. Un reclamo de compensaci\u00f3n laboral de Lowe&#8217;s puede cubrir todos sus gastos m\u00e9dicos relacionados con el accidente. Los empleados lesionados en el Norte de Texas tambi\u00e9n pueden recibir beneficios por salarios perdidos durante su incapacidad temporal o permanente. Estos beneficios se pagan cada pocas semanas seg\u00fan lo permita la p\u00f3liza. Las p\u00f3lizas de no suscriptores generalmente no ofrecen beneficios por discapacidad permanente o muerte, pero podr\u00eda ser elegible mediante un reclamo por da\u00f1os personales.<\/p>\n\n\n\n<h3 class=\"wp-block-heading\" id=\"selfinsured\">\u00bfLowe\u2019s tiene cobertura de compensaci\u00f3n laboral en el Norte de Texas?<\/h3>\n\n\n\n<p>No. Lowe\u2019s ha optado por no participar en la Ley de Compensaci\u00f3n Laboral de Texas (TWCA), operando como <strong>no suscriptor<\/strong>. En lugar del proceso tradicional, los empleados lesionados podr\u00edan tener que <strong>presentar un reclamo por da\u00f1os personales<\/strong> si la <strong>negligencia<\/strong> de la empresa contribuy\u00f3 a su lesi\u00f3n.<\/p>\n\n\n\n<h3 class=\"wp-block-heading\" id=\"whentoclaim\">\u00bfCu\u00e1nto tiempo debo esperar para iniciar un reclamo de compensaci\u00f3n laboral en Lowe&#8217;s?<\/h3>\n\n\n\n<p>Un <a href=\"https:\/\/sandovalpllc.com\/work-injury-lawyer\/workers-compensation\/\" rel=\"noopener noreferrer\" target=\"_blank\">reclamo de compensaci\u00f3n laboral<\/a> debe presentarse dentro de los 6 meses posteriores a la lesi\u00f3n. Cuanto antes inicie el proceso, mejor. Permitir demoras puede perjudicar su caso y situaci\u00f3n familiar.<\/p>\n\n\n\n<h3 class=\"wp-block-heading\" id=\"ifdoctorlies\">\u00bfPor qu\u00e9 un m\u00e9dico de compensaci\u00f3n laboral mentir\u00eda sobre mi lesi\u00f3n en Lowe&#8217;s?<\/h3>\n\n\n\n<p>Los m\u00e9dicos de compensaci\u00f3n laboral son contratados y pagados por aseguradoras. Solo brindar\u00e1n tratamientos aprobados por la compa\u00f1\u00eda, independientemente de su criterio m\u00e9dico. Algunos solo eval\u00faan necesidades de tratamiento futuro. Su objetivo principal es minimizar pagos.<\/p>\n\n\n\n<h3 class=\"wp-block-heading\" id=\"ifyouquit\">\u00bfQu\u00e9 sucede si renuncia durante su compensaci\u00f3n laboral de Lowe&#8217;s?<\/h3>\n\n\n\n<p>Renunciar podr\u00eda considerarse &#8220;ruptura de mutualidad&#8221; bajo la legislaci\u00f3n laboral. Consulte con un abogado de compensaci\u00f3n laboral en el Norte de Texas antes de tomar esta decisi\u00f3n para entender las consecuencias.<\/p>\n\n\n\n<h3 class=\"wp-block-heading\" id=\"limitofbenefits\">\u00bfHay l\u00edmite de beneficios en casos de compensaci\u00f3n de Lowe&#8217;s?<\/h3>\n\n\n\n<p>Un reclamo contra Lowe&#8217;s puede cubrir gastos m\u00e9dicos y salarios perdidos. Seg\u00fan sus planes t\u00edpicos, el m\u00e1ximo combinado es $300,000 por empleado y $1,000,000 por incidente.<\/p>\n\n\n\n<h3 class=\"wp-block-heading\" id=\"fullpay\">\u00bfRecibo salario completo de Lowe&#8217;s si no puedo trabajar por una lesi\u00f3n?<\/h3>\n\n\n\n<p>Probablemente no reciba el 100% de su salario. Seg\u00fan el <a href=\"https:\/\/sandovalpllc.com\/what-is-an-employment-benefit-plan\/\" rel=\"noopener noreferrer\" target=\"_blank\">plan de beneficios por lesiones<\/a>, solo tendr\u00eda derecho a un porcentaje o promedio salarial.<\/p>\n\n\n\n<h3 class=\"wp-block-heading\" id=\"collect\">\u00bfPuede recibir compensaci\u00f3n vitalicia por lesiones graves?<\/h3>\n\n\n\n<p>Las leyes limitan el acceso a compensaci\u00f3n al alcanzar la edad de jubilaci\u00f3n. Actualmente, la edad l\u00edmite es 66 a\u00f1os y 2 meses para nacidos en 1955, aumentando gradualmente a 67 para nacidos desde 1960 (ver &#8220;<a href=\"https:\/\/www.ssa.gov\/benefits\/retirement\/planner\/agereduction.html\" rel=\"noopener noreferrer\" target=\"_blank\">Requisitos de elegibilidad para jubilaci\u00f3n<\/a>&#8220;).<\/p>\n\n\n<div class=\"wp-block-image\">\n<figure class=\"aligncenter size-full\"><img loading=\"lazy\" decoding=\"async\" width=\"768\" height=\"512\" src=\"https:\/\/sandovalarmstrong.com\/es\/wp-content\/uploads\/sites\/2\/2025\/05\/base-juridica-para-demandar-a-lowes.jpg\" alt=\"\" class=\"wp-image-131\" srcset=\"https:\/\/sandovalarmstrong.com\/es\/wp-content\/uploads\/sites\/2\/2025\/05\/base-juridica-para-demandar-a-lowes.jpg 768w, https:\/\/sandovalarmstrong.com\/es\/wp-content\/uploads\/sites\/2\/2025\/05\/base-juridica-para-demandar-a-lowes-300x200.jpg 300w\" sizes=\"auto, (max-width: 768px) 100vw, 768px\" \/><\/figure>\n<\/div>\n\n\n<div style=\"height:15px\" aria-hidden=\"true\" class=\"wp-block-spacer\"><\/div>\n\n\n\n<h3 class=\"wp-block-heading\" id=\"ifyoulose\">\u00bfQu\u00e9 hacer si pierde a un ser querido en accidente laboral?<\/h3>\n\n\n\n<p>Los casos de muerte injusta aplican cuando un ser querido fallece en accidente laboral. Anualmente ocurren m\u00e1s de 5,000 muertes laborales por negligencia patronal. M\u00e1s informaci\u00f3n sobre <a href=\"https:\/\/sandovalpllc.com\/wrongful-death-survival\/#workaccidentes\" rel=\"noopener noreferrer\" target=\"_blank\">muertes injustas en accidentes laborales<\/a>.<\/p>\n\n\n\n<h3 class=\"wp-block-heading\" id=\"gettinglawyer\">\u00bfDebo contratar un abogado si me lesion\u00e9 en Lowe&#8217;s?<\/h3>\n\n\n\n<p>Contratar un abogado de compensaci\u00f3n laboral en Texas puede ser muy beneficioso. Conozca sus derechos y c\u00f3mo presentar un reclamo llamando a los <a href=\"https:\/\/sandovalpllc.com\/personal-injury-attorney-sandoval\/\" target=\"_blank\" rel=\"noopener noreferrer\">abogados del Norte de Texas<\/a> Hector Sandoval o Warren Armstrong. Llame ahora para consulta gratuita al <strong><a href=\"tel:+12142143777\" class=\"phone\">(214) 214-3777<\/a><\/strong>.<\/p>\n\n\n<div class=\"site-phrase\"><img decoding=\"async\" src=\"\/es\/wp-content\/uploads\/sites\/2\/2025\/02\/favico-sandoval-armstrong.png\" width=\"32px\" style=\"margin-right:5px\"><a href=\"https:\/\/sandovalpllc.com\/es\/casos-exitosos-de-no-suscriptores-de-texas-2023\/\" class=\"phrase-link\">Casos exitosos de no suscriptores de Texas 2023<\/a><\/div>\n\n\n\n<div class=\"wp-block-columns is-layout-flex wp-container-core-columns-is-layout-9d6595d7 wp-block-columns-is-layout-flex\">\n<div class=\"wp-block-column is-layout-flow wp-block-column-is-layout-flow\">\n<figure class=\"wp-block-image size-full\"><img loading=\"lazy\" decoding=\"async\" width=\"620\" height=\"803\" src=\"https:\/\/sandovalarmstrong.com\/es\/wp-content\/uploads\/sites\/2\/2025\/05\/brandon-p-reviews.jpg\" alt=\"\" class=\"wp-image-96\" srcset=\"https:\/\/sandovalarmstrong.com\/es\/wp-content\/uploads\/sites\/2\/2025\/05\/brandon-p-reviews.jpg 620w, https:\/\/sandovalarmstrong.com\/es\/wp-content\/uploads\/sites\/2\/2025\/05\/brandon-p-reviews-232x300.jpg 232w\" sizes=\"auto, (max-width: 620px) 100vw, 620px\" \/><\/figure>\n<\/div>\n\n\n\n<div class=\"wp-block-column is-layout-flow wp-block-column-is-layout-flow\">\n<figure class=\"wp-block-image size-full\"><img loading=\"lazy\" decoding=\"async\" width=\"620\" height=\"803\" src=\"https:\/\/sandovalarmstrong.com\/es\/wp-content\/uploads\/sites\/2\/2025\/05\/ray-d-reviews.jpg\" alt=\"\" class=\"wp-image-98\" srcset=\"https:\/\/sandovalarmstrong.com\/es\/wp-content\/uploads\/sites\/2\/2025\/05\/ray-d-reviews.jpg 620w, https:\/\/sandovalarmstrong.com\/es\/wp-content\/uploads\/sites\/2\/2025\/05\/ray-d-reviews-232x300.jpg 232w\" sizes=\"auto, (max-width: 620px) 100vw, 620px\" \/><\/figure>\n<\/div>\n\n\n\n<div class=\"wp-block-column is-layout-flow wp-block-column-is-layout-flow\">\n<figure class=\"wp-block-image size-full\"><img loading=\"lazy\" decoding=\"async\" width=\"620\" height=\"803\" src=\"https:\/\/sandovalarmstrong.com\/es\/wp-content\/uploads\/sites\/2\/2025\/05\/candice-l-reviews.jpg\" alt=\"\" class=\"wp-image-100\" srcset=\"https:\/\/sandovalarmstrong.com\/es\/wp-content\/uploads\/sites\/2\/2025\/05\/candice-l-reviews.jpg 620w, https:\/\/sandovalarmstrong.com\/es\/wp-content\/uploads\/sites\/2\/2025\/05\/candice-l-reviews-232x300.jpg 232w\" sizes=\"auto, (max-width: 620px) 100vw, 620px\" \/><\/figure>\n<\/div>\n<\/div>\n\n\n\n<div style=\"height:15px\" aria-hidden=\"true\" class=\"wp-block-spacer\"><\/div>\n\n\n\n<div class=\"wp-block-columns is-layout-flex wp-container-core-columns-is-layout-9d6595d7 wp-block-columns-is-layout-flex\">\n<div class=\"wp-block-column is-layout-flow wp-block-column-is-layout-flow\">\n<figure class=\"wp-block-image size-full\"><img loading=\"lazy\" decoding=\"async\" width=\"620\" height=\"803\" src=\"https:\/\/sandovalarmstrong.com\/es\/wp-content\/uploads\/sites\/2\/2025\/05\/sammy-b-reviews.jpg\" alt=\"\" class=\"wp-image-129\" srcset=\"https:\/\/sandovalarmstrong.com\/es\/wp-content\/uploads\/sites\/2\/2025\/05\/sammy-b-reviews.jpg 620w, https:\/\/sandovalarmstrong.com\/es\/wp-content\/uploads\/sites\/2\/2025\/05\/sammy-b-reviews-232x300.jpg 232w\" sizes=\"auto, (max-width: 620px) 100vw, 620px\" \/><\/figure>\n<\/div>\n\n\n\n<div class=\"wp-block-column is-layout-flow wp-block-column-is-layout-flow\">\n<figure class=\"wp-block-image size-full\"><img loading=\"lazy\" decoding=\"async\" width=\"620\" height=\"803\" src=\"https:\/\/sandovalarmstrong.com\/es\/wp-content\/uploads\/sites\/2\/2025\/05\/zaki-z-reviews.jpg\" alt=\"\" class=\"wp-image-102\" srcset=\"https:\/\/sandovalarmstrong.com\/es\/wp-content\/uploads\/sites\/2\/2025\/05\/zaki-z-reviews.jpg 620w, https:\/\/sandovalarmstrong.com\/es\/wp-content\/uploads\/sites\/2\/2025\/05\/zaki-z-reviews-232x300.jpg 232w\" sizes=\"auto, (max-width: 620px) 100vw, 620px\" \/><\/figure>\n<\/div>\n\n\n\n<div class=\"wp-block-column is-layout-flow wp-block-column-is-layout-flow\">\n<figure class=\"wp-block-image size-full\"><img loading=\"lazy\" decoding=\"async\" width=\"620\" height=\"803\" src=\"https:\/\/sandovalarmstrong.com\/es\/wp-content\/uploads\/sites\/2\/2025\/05\/danny-n-reviews.jpg\" alt=\"\" class=\"wp-image-130\" srcset=\"https:\/\/sandovalarmstrong.com\/es\/wp-content\/uploads\/sites\/2\/2025\/05\/danny-n-reviews.jpg 620w, https:\/\/sandovalarmstrong.com\/es\/wp-content\/uploads\/sites\/2\/2025\/05\/danny-n-reviews-232x300.jpg 232w\" sizes=\"auto, (max-width: 620px) 100vw, 620px\" \/><\/figure>\n<\/div>\n<\/div>\n","protected":false},"excerpt":{"rendered":"<p>Lo que debe saber sobre reclamos de no suscriptores \u00bfSe lesion\u00f3 trabajando en Lowe\u2019s en el Norte de Texas? Si es as\u00ed, quiz\u00e1s se pregunte cu\u00e1les son sus opciones legales, especialmente porque Lowe\u2019s es un no suscriptor de Texas, lo que significa que no participa en el sistema tradicional de compensaci\u00f3n laboral del estado. En&#8230; <a class=\"more-link\" href=\"https:\/\/sandovalarmstrong.com\/es\/reclamos-de-compensacion-laboral-de-lowes\/preguntas-frecuentes\/\">[Read More]<\/a><\/p>\n","protected":false},"author":1,"featured_media":0,"parent":125,"menu_order":0,"comment_status":"closed","ping_status":"closed","template":"","meta":{"_acf_changed":false,"inline_featured_image":false,"_uag_custom_page_level_css":"","_genesis_hide_title":false,"_genesis_hide_breadcrumbs":false,"_genesis_hide_singular_image":false,"_genesis_hide_footer_widgets":false,"_genesis_custom_body_class":"","_genesis_custom_post_class":"","_genesis_layout":"","footnotes":""},"class_list":{"0":"post-128","1":"page","2":"type-page","3":"status-publish","5":"entry","6":"has-post-thumbnail"},"acf":[],"yoast_head":"<!-- This site is optimized with the Yoast SEO plugin v26.8 - https:\/\/yoast.com\/product\/yoast-seo-wordpress\/ -->\n<title>Preguntas frecuentes sobre lesiones laborales en Lowe\u2019s para empleados del Norte de Texas - Sandoval &amp; Armstrong - Spanish<\/title>\n<meta name=\"description\" content=\"\u00bfSe lesion\u00f3 trabajando en Lowe\u2019s en el Norte de Texas? Si es as\u00ed, quiz\u00e1s se pregunte cu\u00e1les son sus opciones legales, especialmente porque...\" \/>\n<meta name=\"robots\" content=\"index, follow, max-snippet:-1, max-image-preview:large, max-video-preview:-1\" \/>\n<link rel=\"canonical\" href=\"https:\/\/sandovalarmstrong.com\/es\/reclamos-de-compensacion-laboral-de-lowes\/preguntas-frecuentes\/\" \/>\n<meta property=\"og:locale\" content=\"es_MX\" \/>\n<meta property=\"og:type\" content=\"article\" \/>\n<meta property=\"og:title\" content=\"Preguntas frecuentes sobre lesiones laborales en Lowe\u2019s para empleados del Norte de Texas - Sandoval &amp; Armstrong - Spanish\" \/>\n<meta property=\"og:description\" content=\"\u00bfSe lesion\u00f3 trabajando en Lowe\u2019s en el Norte de Texas? Si es as\u00ed, quiz\u00e1s se pregunte cu\u00e1les son sus opciones legales, especialmente porque...\" \/>\n<meta property=\"og:url\" content=\"https:\/\/sandovalarmstrong.com\/es\/reclamos-de-compensacion-laboral-de-lowes\/preguntas-frecuentes\/\" \/>\n<meta property=\"og:site_name\" content=\"Sandoval &amp; Armstrong - Spanish\" \/>\n<meta property=\"article:modified_time\" content=\"2025-05-15T13:57:56+00:00\" \/>\n<meta property=\"og:image\" content=\"https:\/\/sandovalarmstrong.com\/es\/wp-content\/uploads\/sites\/2\/2025\/05\/base-juridica-para-demandar-a-lowes.jpg\" \/>\n\t<meta property=\"og:image:width\" content=\"768\" \/>\n\t<meta property=\"og:image:height\" content=\"512\" \/>\n\t<meta property=\"og:image:type\" content=\"image\/jpeg\" \/>\n<meta name=\"twitter:card\" content=\"summary_large_image\" \/>\n<meta name=\"twitter:label1\" content=\"Est. reading time\" \/>\n\t<meta name=\"twitter:data1\" content=\"5 minutos\" \/>\n<script type=\"application\/ld+json\" class=\"yoast-schema-graph\">{\"@context\":\"https:\/\/schema.org\",\"@graph\":[{\"@type\":\"WebPage\",\"@id\":\"https:\/\/sandovalarmstrong.com\/es\/reclamos-de-compensacion-laboral-de-lowes\/preguntas-frecuentes\/\",\"url\":\"https:\/\/sandovalarmstrong.com\/es\/reclamos-de-compensacion-laboral-de-lowes\/preguntas-frecuentes\/\",\"name\":\"Preguntas frecuentes sobre lesiones laborales en Lowe\u2019s para empleados del Norte de Texas - Sandoval &amp; Armstrong - Spanish\",\"isPartOf\":{\"@id\":\"https:\/\/sandovalarmstrong.com\/es\/#website\"},\"primaryImageOfPage\":{\"@id\":\"https:\/\/sandovalarmstrong.com\/es\/reclamos-de-compensacion-laboral-de-lowes\/preguntas-frecuentes\/#primaryimage\"},\"image\":{\"@id\":\"https:\/\/sandovalarmstrong.com\/es\/reclamos-de-compensacion-laboral-de-lowes\/preguntas-frecuentes\/#primaryimage\"},\"thumbnailUrl\":\"https:\/\/sandovalarmstrong.com\/es\/wp-content\/uploads\/sites\/2\/2025\/05\/base-juridica-para-demandar-a-lowes.jpg\",\"datePublished\":\"2025-05-14T23:40:51+00:00\",\"dateModified\":\"2025-05-15T13:57:56+00:00\",\"description\":\"\u00bfSe lesion\u00f3 trabajando en Lowe\u2019s en el Norte de Texas? Si es as\u00ed, quiz\u00e1s se pregunte cu\u00e1les son sus opciones legales, especialmente porque...\",\"breadcrumb\":{\"@id\":\"https:\/\/sandovalarmstrong.com\/es\/reclamos-de-compensacion-laboral-de-lowes\/preguntas-frecuentes\/#breadcrumb\"},\"inLanguage\":\"es\",\"potentialAction\":[{\"@type\":\"ReadAction\",\"target\":[\"https:\/\/sandovalarmstrong.com\/es\/reclamos-de-compensacion-laboral-de-lowes\/preguntas-frecuentes\/\"]}]},{\"@type\":\"ImageObject\",\"inLanguage\":\"es\",\"@id\":\"https:\/\/sandovalarmstrong.com\/es\/reclamos-de-compensacion-laboral-de-lowes\/preguntas-frecuentes\/#primaryimage\",\"url\":\"https:\/\/sandovalarmstrong.com\/es\/wp-content\/uploads\/sites\/2\/2025\/05\/base-juridica-para-demandar-a-lowes.jpg\",\"contentUrl\":\"https:\/\/sandovalarmstrong.com\/es\/wp-content\/uploads\/sites\/2\/2025\/05\/base-juridica-para-demandar-a-lowes.jpg\",\"width\":768,\"height\":512},{\"@type\":\"BreadcrumbList\",\"@id\":\"https:\/\/sandovalarmstrong.com\/es\/reclamos-de-compensacion-laboral-de-lowes\/preguntas-frecuentes\/#breadcrumb\",\"itemListElement\":[{\"@type\":\"ListItem\",\"position\":1,\"name\":\"Inicio\",\"item\":\"https:\/\/sandovalarmstrong.com\/es\/\"},{\"@type\":\"ListItem\",\"position\":2,\"name\":\"Reclamos de compensaci\u00f3n laboral de Lowe\u2019s: Casos de lesiones laborales de no suscriptores en el Norte de Texas\",\"item\":\"https:\/\/sandovalarmstrong.com\/es\/reclamos-de-compensacion-laboral-de-lowes\/\"},{\"@type\":\"ListItem\",\"position\":3,\"name\":\"Preguntas frecuentes sobre lesiones laborales en Lowe\u2019s para empleados del Norte de Texas\"}]},{\"@type\":\"WebSite\",\"@id\":\"https:\/\/sandovalarmstrong.com\/es\/#website\",\"url\":\"https:\/\/sandovalarmstrong.com\/es\/\",\"name\":\"Sandoval &amp; Armstrong - Spanish\",\"description\":\"\",\"potentialAction\":[{\"@type\":\"SearchAction\",\"target\":{\"@type\":\"EntryPoint\",\"urlTemplate\":\"https:\/\/sandovalarmstrong.com\/es\/?s={search_term_string}\"},\"query-input\":{\"@type\":\"PropertyValueSpecification\",\"valueRequired\":true,\"valueName\":\"search_term_string\"}}],\"inLanguage\":\"es\"}]}<\/script>\n<!-- \/ Yoast SEO plugin. -->","yoast_head_json":{"title":"Preguntas frecuentes sobre lesiones laborales en Lowe\u2019s para empleados del Norte de Texas - Sandoval &amp; Armstrong - Spanish","description":"\u00bfSe lesion\u00f3 trabajando en Lowe\u2019s en el Norte de Texas? Si es as\u00ed, quiz\u00e1s se pregunte cu\u00e1les son sus opciones legales, especialmente porque...","robots":{"index":"index","follow":"follow","max-snippet":"max-snippet:-1","max-image-preview":"max-image-preview:large","max-video-preview":"max-video-preview:-1"},"canonical":"https:\/\/sandovalarmstrong.com\/es\/reclamos-de-compensacion-laboral-de-lowes\/preguntas-frecuentes\/","og_locale":"es_MX","og_type":"article","og_title":"Preguntas frecuentes sobre lesiones laborales en Lowe\u2019s para empleados del Norte de Texas - Sandoval &amp; Armstrong - Spanish","og_description":"\u00bfSe lesion\u00f3 trabajando en Lowe\u2019s en el Norte de Texas? Si es as\u00ed, quiz\u00e1s se pregunte cu\u00e1les son sus opciones legales, especialmente porque...","og_url":"https:\/\/sandovalarmstrong.com\/es\/reclamos-de-compensacion-laboral-de-lowes\/preguntas-frecuentes\/","og_site_name":"Sandoval &amp; Armstrong - Spanish","article_modified_time":"2025-05-15T13:57:56+00:00","og_image":[{"width":768,"height":512,"url":"https:\/\/sandovalarmstrong.com\/es\/wp-content\/uploads\/sites\/2\/2025\/05\/base-juridica-para-demandar-a-lowes.jpg","type":"image\/jpeg"}],"twitter_card":"summary_large_image","twitter_misc":{"Est. reading time":"5 minutos"},"schema":{"@context":"https:\/\/schema.org","@graph":[{"@type":"WebPage","@id":"https:\/\/sandovalarmstrong.com\/es\/reclamos-de-compensacion-laboral-de-lowes\/preguntas-frecuentes\/","url":"https:\/\/sandovalarmstrong.com\/es\/reclamos-de-compensacion-laboral-de-lowes\/preguntas-frecuentes\/","name":"Preguntas frecuentes sobre lesiones laborales en Lowe\u2019s para empleados del Norte de Texas - Sandoval &amp; Armstrong - Spanish","isPartOf":{"@id":"https:\/\/sandovalarmstrong.com\/es\/#website"},"primaryImageOfPage":{"@id":"https:\/\/sandovalarmstrong.com\/es\/reclamos-de-compensacion-laboral-de-lowes\/preguntas-frecuentes\/#primaryimage"},"image":{"@id":"https:\/\/sandovalarmstrong.com\/es\/reclamos-de-compensacion-laboral-de-lowes\/preguntas-frecuentes\/#primaryimage"},"thumbnailUrl":"https:\/\/sandovalarmstrong.com\/es\/wp-content\/uploads\/sites\/2\/2025\/05\/base-juridica-para-demandar-a-lowes.jpg","datePublished":"2025-05-14T23:40:51+00:00","dateModified":"2025-05-15T13:57:56+00:00","description":"\u00bfSe lesion\u00f3 trabajando en Lowe\u2019s en el Norte de Texas? Si es as\u00ed, quiz\u00e1s se pregunte cu\u00e1les son sus opciones legales, especialmente porque...","breadcrumb":{"@id":"https:\/\/sandovalarmstrong.com\/es\/reclamos-de-compensacion-laboral-de-lowes\/preguntas-frecuentes\/#breadcrumb"},"inLanguage":"es","potentialAction":[{"@type":"ReadAction","target":["https:\/\/sandovalarmstrong.com\/es\/reclamos-de-compensacion-laboral-de-lowes\/preguntas-frecuentes\/"]}]},{"@type":"ImageObject","inLanguage":"es","@id":"https:\/\/sandovalarmstrong.com\/es\/reclamos-de-compensacion-laboral-de-lowes\/preguntas-frecuentes\/#primaryimage","url":"https:\/\/sandovalarmstrong.com\/es\/wp-content\/uploads\/sites\/2\/2025\/05\/base-juridica-para-demandar-a-lowes.jpg","contentUrl":"https:\/\/sandovalarmstrong.com\/es\/wp-content\/uploads\/sites\/2\/2025\/05\/base-juridica-para-demandar-a-lowes.jpg","width":768,"height":512},{"@type":"BreadcrumbList","@id":"https:\/\/sandovalarmstrong.com\/es\/reclamos-de-compensacion-laboral-de-lowes\/preguntas-frecuentes\/#breadcrumb","itemListElement":[{"@type":"ListItem","position":1,"name":"Inicio","item":"https:\/\/sandovalarmstrong.com\/es\/"},{"@type":"ListItem","position":2,"name":"Reclamos de compensaci\u00f3n laboral de Lowe\u2019s: Casos de lesiones laborales de no suscriptores en el Norte de Texas","item":"https:\/\/sandovalarmstrong.com\/es\/reclamos-de-compensacion-laboral-de-lowes\/"},{"@type":"ListItem","position":3,"name":"Preguntas frecuentes sobre lesiones laborales en Lowe\u2019s para empleados del Norte de Texas"}]},{"@type":"WebSite","@id":"https:\/\/sandovalarmstrong.com\/es\/#website","url":"https:\/\/sandovalarmstrong.com\/es\/","name":"Sandoval &amp; Armstrong - Spanish","description":"","potentialAction":[{"@type":"SearchAction","target":{"@type":"EntryPoint","urlTemplate":"https:\/\/sandovalarmstrong.com\/es\/?s={search_term_string}"},"query-input":{"@type":"PropertyValueSpecification","valueRequired":true,"valueName":"search_term_string"}}],"inLanguage":"es"}]}},"uagb_featured_image_src":{"full":false,"thumbnail":false,"medium":false,"medium_large":false,"large":false,"1536x1536":false,"2048x2048":false,"gform-image-choice-sm":false,"gform-image-choice-md":false,"gform-image-choice-lg":false},"uagb_author_info":{"display_name":"sandovalarmstr","author_link":"https:\/\/sandovalarmstrong.com\/es\/author\/sandovalarmstr\/"},"uagb_comment_info":0,"uagb_excerpt":"Lo que debe saber sobre reclamos de no suscriptores \u00bfSe lesion\u00f3 trabajando en Lowe\u2019s en el Norte de Texas? Si es as\u00ed, quiz\u00e1s se pregunte cu\u00e1les son sus opciones legales, especialmente porque Lowe\u2019s es un no suscriptor de Texas, lo que significa que no participa en el sistema tradicional de compensaci\u00f3n laboral del estado. En...&hellip;","_links":{"self":[{"href":"https:\/\/sandovalarmstrong.com\/es\/wp-json\/wp\/v2\/pages\/128","targetHints":{"allow":["GET"]}}],"collection":[{"href":"https:\/\/sandovalarmstrong.com\/es\/wp-json\/wp\/v2\/pages"}],"about":[{"href":"https:\/\/sandovalarmstrong.com\/es\/wp-json\/wp\/v2\/types\/page"}],"author":[{"embeddable":true,"href":"https:\/\/sandovalarmstrong.com\/es\/wp-json\/wp\/v2\/users\/1"}],"replies":[{"embeddable":true,"href":"https:\/\/sandovalarmstrong.com\/es\/wp-json\/wp\/v2\/comments?post=128"}],"version-history":[{"count":0,"href":"https:\/\/sandovalarmstrong.com\/es\/wp-json\/wp\/v2\/pages\/128\/revisions"}],"up":[{"embeddable":true,"href":"https:\/\/sandovalarmstrong.com\/es\/wp-json\/wp\/v2\/pages\/125"}],"wp:attachment":[{"href":"https:\/\/sandovalarmstrong.com\/es\/wp-json\/wp\/v2\/media?parent=128"}],"curies":[{"name":"wp","href":"https:\/\/api.w.org\/{rel}","templated":true}]}}