{"id":301,"date":"2025-11-20T14:03:17","date_gmt":"2025-11-20T19:03:17","guid":{"rendered":"https:\/\/sandovalarmstrong.com\/es\/?page_id=301"},"modified":"2025-11-20T14:03:18","modified_gmt":"2025-11-20T19:03:18","slug":"pregunte-a-hex-una-forma-mas-inteligente-de-conectar-mediante-inteligencia-artificial","status":"publish","type":"page","link":"https:\/\/sandovalarmstrong.com\/es\/pregunte-a-hex-una-forma-mas-inteligente-de-conectar-mediante-inteligencia-artificial\/","title":{"rendered":"\u00a1Pregunte a HEX! \u00a1Una forma m\u00e1s inteligente de conectar mediante Inteligencia Artificial!"},"content":{"rendered":"\t\r\n\t<div class=\"search-widget\" id=\"cgs_8e5386cc-99f0-4c7a-aa8b-cab12aa40e8a\">\t\r\n\t\t<form class=\"chatgpt-form newsearchform\" method=\"get\" action=\"https:\/\/sandovalarmstrong.com\/es\/buscar\/\" \r\n\t\t\tdata-results=\"_self\"\r\n\t\t\tdata-source=\"widget\" >\r\n\t\t\t<div class=\"label-search\" data-bs-toggle=\"tooltip\" data-bs-placement=\"top\" title=\"Escribe tu pregunta aqu\u00ed y obt\u00e9n una respuesta instant\u00e1nea gracias a nuestra funci\u00f3n de IA HEX...\">\r\n\t\t\t\t <a href=\"https:\/\/sandovalarmstrong.com\/es\/pregunte-a-hex-una-forma-mas-inteligente-de-conectar-mediante-inteligencia-artificial\/\" target=\"_blank\"><img decoding=\"async\" src=\"https:\/\/sandovalarmstrong.com\/wp-content\/uploads\/2025\/12\/ask-HEX-V2-armstrong-GIF.gif\" style=\"height:60px;width:auto\"><\/a>\t\t\t<\/div>\r\n\t\t\t<input class=\"label-input\" type=\"text\" id=\"chatgpt_q_cgs_8e5386cc-99f0-4c7a-aa8b-cab12aa40e8a\" name=\"chatgpt_q\" placeholder=\"Escriba su pregunta aqu\u00ed...\" value=\"\" required \/>\r\n\t\t\t<div class=\"buttoni\">\r\n\t\t\t\t<input class=\"button\" type=\"submit\" id=\"searchsubmit_cgs_8e5386cc-99f0-4c7a-aa8b-cab12aa40e8a\" value=\"Generar respuesta\" \/>\r\n\t\t\t<\/div>\r\n\t\t\t<input type=\"hidden\" name=\"results\" value=\"_self\" \/>\r\n\t\t\t<input type=\"hidden\" name=\"source\" value=\"widget\" \/>\r\n\t\t<\/form>\r\n\t\t\t\t  <!-- Contenedor donde inyectaremos resultados por AJAX -->\r\n\t\t  <div class=\"chatgpt-results-inline\" aria-live=\"polite\"><\/div>\t<\/div>\n\n\n\n<h2 class=\"wp-block-heading\">Pregunte a HEX \u2013 Asistencia Legal Impulsada por IA de Sandoval &amp; Armstrong, PLLC<\/h2>\n\n\n\n<h3 class=\"wp-block-heading\">Adoptando la Revoluci\u00f3n Tecnol\u00f3gica<\/h3>\n\n\n\n<p>Actualmente navegamos una revoluci\u00f3n tecnol\u00f3gica que impacta casi todos los aspectos de nuestra vida diaria. La Inteligencia Artificial (IA) se ha convertido en un elemento b\u00e1sico del mundo en l\u00ednea, y profesionales de diversas industrias est\u00e1n adoptando estas herramientas para ofrecer un servicio superior a sus clientes.<\/p>\n\n\n\n<p>T\u00edpicamente, cuando las personas necesitan respuestas legales, recurren a Google u otros motores de b\u00fasqueda. Las herramientas de IA est\u00e1ndar generan respuestas agregando datos de toda la web. Si bien esto es \u00fatil para una investigaci\u00f3n amplia, las respuestas m\u00e1s confiables suelen provenir directamente de las fuentes primarias que la IA referencia.<\/p>\n\n\n\n<p>Reconociendo la necesidad cr\u00edtica de contar con conocimientos legales confiables y de alta calidad, desarrollamos <strong>Pregunte a HEX<\/strong>.<\/p>\n\n\n\n<h3 class=\"wp-block-heading\">\u00bfQu\u00e9 es exactamente Pregunte a HEX?<\/h3>\n\n\n\n<p>Pregunte a HEX es una herramienta de IA especializada implementada por Sandoval &amp; Armstrong, PLLC para apoyar a clientes potenciales y actuales que est\u00e1n investigando preguntas relacionadas con la ley de lesiones personales en Texas.<\/p>\n\n\n\n<p>Ya sea que se haya lesionado en un <a href=\"https:\/\/sandovalarmstrong.com\/es\/no-suscriptores-casos-de-trabajo-lesionados-norte-texas\/\">accidente laboral de no suscriptores<\/a>, puede enviar sus consultas a trav\u00e9s de Pregunte a HEX. A diferencia de los bots gen\u00e9ricos, este sistema genera respuestas derivadas exclusivamente de contenido legal redactado o validado por el Abogado H\u00e9ctor Sandoval. Pregunte a HEX est\u00e1 dise\u00f1ado para:<\/p>\n\n\n\n<ul class=\"wp-block-list\">\n<li>Entregar respuestas fundamentadas en la experiencia legal del Abogado Sandoval.<\/li>\n\n\n\n<li>Sugerir art\u00edculos, videos y recursos relevantes del sitio web de Sandoval &amp; Armstrong, PLLC.<\/li>\n\n\n\n<li>Agilizar el proceso de encontrar detalles legales precisos r\u00e1pidamente.<\/li>\n<\/ul>\n\n\n\n<h3 class=\"wp-block-heading\">C\u00f3mo apoya Pregunte a HEX a los trabajadores lesionados y v\u00edctimas de accidentes<\/h3>\n\n\n\n<p>Esta herramienta le permite acceder a informaci\u00f3n valiosa de los archivos de contenido del propio Abogado Sandoval antes incluso de programar una consulta.<\/p>\n\n\n\n<p>Usted puede utilizar Pregunte a HEX para obtener claridad sobre si podr\u00eda tener:<\/p>\n\n\n\n<ul class=\"wp-block-list\">\n<li>Un reclamo viable de lesi\u00f3n laboral con no suscriptores<\/li>\n\n\n\n<li>Un caso s\u00f3lido de choque o accidente automovil\u00edstico<\/li>\n<\/ul>\n\n\n\n<p>En lugar de buscar a trav\u00e9s de interminables p\u00e1ginas web, Pregunte a HEX consolida datos de todo el sitio web de Sandoval &amp; Armstrong, PLLC \u2014abarcando publicaciones de blog, estudios de casos, preguntas frecuentes y videos\u2014 y presenta la informaci\u00f3n relevante en una ubicaci\u00f3n conveniente.<\/p>\n\n\n\n<h3 class=\"wp-block-heading\">La historia detr\u00e1s del nombre &#8220;Pregunte a HEX&#8221;<\/h3>\n\n\n\n<p>El nombre \u201cHEX\u201d rinde homenaje al apodo del Abogado Sandoval durante su juventud. El concepto es sencillo: utilizar &#8220;Pregunte a HEX&#8221; es el equivalente virtual a preguntarle directamente al Abogado Sandoval.<\/p>\n\n\n\n<p>La orientaci\u00f3n que recibe no proviene de una IA gen\u00e9rica de la web abierta. Se extrae directamente de informaci\u00f3n legal que el Abogado Sandoval ha escrito, revisado o aprobado personalmente.<\/p>\n\n\n\n<h3 class=\"wp-block-heading\">Una herramienta dise\u00f1ada para servirle mejor<\/h3>\n\n\n\n<p>El Abogado Sandoval desarroll\u00f3 esta plataforma para ayudar a los clientes potenciales a identificar la informaci\u00f3n m\u00e1s crucial sobre su situaci\u00f3n legal sin demora. Al filtrar el contenido de internet amplio o inexacto, Pregunte a HEX lo mantiene enfocado estrictamente en contenido relacionado con lesiones laborales en Texas y casos de accidentes automovil\u00edsticos en Texas.<\/p>\n\n\n<blockquote>Nuestra visi\u00f3n es construir el futuro de esta firma sobre una base de s\u00f3lidas relaciones Abogado-Cliente definidas por la Confianza, la Seguridad y el Respeto.\" - <a href=\"https:\/\/sandovalarmstrong.com\/es\/nuestros-abogados\/hector-sandoval\/\">Abogado de Accidentes H\u00e9ctor L. Sandoval<\/a><\/blockquote>\n\n\n\n<h3 class=\"wp-block-heading\">Pruebe Pregunte a HEX en el sitio web de Sandoval &amp; Armstrong, PLLC<\/h3>\n\n\n\n<p>Si\u00e9ntase libre de navegar por el sitio web de Sandoval &amp; Armstrong, PLLC y busque la funci\u00f3n <strong>Pregunte a HEX<\/strong>. Simplemente ingrese su consulta para descubrir recursos respaldados por la extensa experiencia del Abogado Sandoval representando a tejanos lesionados.<\/p>\n\n\n\n<p>Cuando est\u00e9 listo para discutir los detalles espec\u00edficos de su reclamo, por favor contacte a Sandoval &amp; Armstrong, PLLC para <strong><a href=\"https:\/\/sandovalarmstrong.com\/es\/contactenos\/\" target=\"_blank\" rel=\"noreferrer noopener\">programar su consulta<\/a><\/strong>. <\/p>\n\n\n<center><div class=\"panel box-module-cta\">\r\n<span class=\"icon-title\"><i class=\"fa fa-lightbulb-o\" aria-hidden=\"true\"><\/i><\/span>\r\n<h5 class=\"h1\">\u00bfNecesita un abogado de lesiones personales?<\/h5>\r\n<p class=\"subtitle\">\u00a1Estamos disponibles y es f\u00e1cil encontrarnos!<\/p>\r\n<h5 class=\"h1\">\u00a1Lucharemos!<\/h5>\r\n<p class=\"subtitle\"><strong>- Obtendremos la compensaci\u00f3n y la tranquilidad que usted merece.<br>\r\n- \u00a1Pondremos nuestra experiencia legal a su servicio!<br>\r\n- Usted solo pagar\u00e1 honorarios o gastos si conseguimos una compensaci\u00f3n para usted.<\/strong><\/p>\r\n<p class=\"subtitle\">\u00a1No tiene que sufrir! Estamos aqu\u00ed para ayudar.<\/p>\r\n<a href=\"tel:+12142143777\" onclick=\"sendEventToGoogle('Body', '\/work-injury-lawyer\/the-work-injury-case\/', '+12142143777');\"><button class=\"btn btn-default\" type=\"button\">Llame a Sandoval & Armstrong Ahora<\/button><\/a>\r\n<\/div>\r\n<\/center>\n\n\n\n<p><\/p>\n","protected":false},"excerpt":{"rendered":"<p>Pregunte a HEX \u2013 Asistencia Legal Impulsada por IA de Sandoval &amp; Armstrong, PLLC Adoptando la Revoluci\u00f3n Tecnol\u00f3gica Actualmente navegamos una revoluci\u00f3n tecnol\u00f3gica que impacta casi todos los aspectos de nuestra vida diaria. La Inteligencia Artificial (IA) se ha convertido en un elemento b\u00e1sico del mundo en l\u00ednea, y profesionales de diversas industrias est\u00e1n adoptando&#8230; <a class=\"more-link\" href=\"https:\/\/sandovalarmstrong.com\/es\/pregunte-a-hex-una-forma-mas-inteligente-de-conectar-mediante-inteligencia-artificial\/\">[Read More]<\/a><\/p>\n","protected":false},"author":1,"featured_media":0,"parent":0,"menu_order":0,"comment_status":"closed","ping_status":"closed","template":"","meta":{"_acf_changed":true,"inline_featured_image":false,"_uag_custom_page_level_css":"","_genesis_hide_title":false,"_genesis_hide_breadcrumbs":false,"_genesis_hide_singular_image":false,"_genesis_hide_footer_widgets":false,"_genesis_custom_body_class":"","_genesis_custom_post_class":"","_genesis_layout":"","footnotes":""},"class_list":{"0":"post-301","1":"page","2":"type-page","3":"status-publish","5":"entry"},"acf":[],"yoast_head":"<!-- This site is optimized with the Yoast SEO plugin v26.8 - https:\/\/yoast.com\/product\/yoast-seo-wordpress\/ -->\n<title>\u00a1Pregunte a HEX! \u00a1Una forma m\u00e1s inteligente de conectar con IA! - Sandoval &amp; Armstrong - Spanish<\/title>\n<meta name=\"description\" content=\"Actualmente navegamos una revoluci\u00f3n tecnol\u00f3gica que impacta casi todos los aspectos de nuestra vida diaria. La Inteligencia Artificial...\" \/>\n<meta name=\"robots\" content=\"index, follow, max-snippet:-1, max-image-preview:large, max-video-preview:-1\" \/>\n<link rel=\"canonical\" href=\"https:\/\/sandovalarmstrong.com\/es\/pregunte-a-hex-una-forma-mas-inteligente-de-conectar-mediante-inteligencia-artificial\/\" \/>\n<meta property=\"og:locale\" content=\"es_MX\" \/>\n<meta property=\"og:type\" content=\"article\" \/>\n<meta property=\"og:title\" content=\"\u00a1Pregunte a HEX! \u00a1Una forma m\u00e1s inteligente de conectar con IA! - Sandoval &amp; Armstrong - Spanish\" \/>\n<meta property=\"og:description\" content=\"Actualmente navegamos una revoluci\u00f3n tecnol\u00f3gica que impacta casi todos los aspectos de nuestra vida diaria. La Inteligencia Artificial...\" \/>\n<meta property=\"og:url\" content=\"https:\/\/sandovalarmstrong.com\/es\/pregunte-a-hex-una-forma-mas-inteligente-de-conectar-mediante-inteligencia-artificial\/\" \/>\n<meta property=\"og:site_name\" content=\"Sandoval &amp; Armstrong - Spanish\" \/>\n<meta property=\"article:modified_time\" content=\"2025-11-20T19:03:18+00:00\" \/>\n<meta name=\"twitter:card\" content=\"summary_large_image\" \/>\n<meta name=\"twitter:label1\" content=\"Est. reading time\" \/>\n\t<meta name=\"twitter:data1\" content=\"3 minutos\" \/>\n<script type=\"application\/ld+json\" class=\"yoast-schema-graph\">{\"@context\":\"https:\/\/schema.org\",\"@graph\":[{\"@type\":\"WebPage\",\"@id\":\"https:\/\/sandovalarmstrong.com\/es\/pregunte-a-hex-una-forma-mas-inteligente-de-conectar-mediante-inteligencia-artificial\/\",\"url\":\"https:\/\/sandovalarmstrong.com\/es\/pregunte-a-hex-una-forma-mas-inteligente-de-conectar-mediante-inteligencia-artificial\/\",\"name\":\"\u00a1Pregunte a HEX! \u00a1Una forma m\u00e1s inteligente de conectar con IA! - Sandoval &amp; Armstrong - Spanish\",\"isPartOf\":{\"@id\":\"https:\/\/sandovalarmstrong.com\/es\/#website\"},\"datePublished\":\"2025-11-20T19:03:17+00:00\",\"dateModified\":\"2025-11-20T19:03:18+00:00\",\"description\":\"Actualmente navegamos una revoluci\u00f3n tecnol\u00f3gica que impacta casi todos los aspectos de nuestra vida diaria. La Inteligencia Artificial...\",\"breadcrumb\":{\"@id\":\"https:\/\/sandovalarmstrong.com\/es\/pregunte-a-hex-una-forma-mas-inteligente-de-conectar-mediante-inteligencia-artificial\/#breadcrumb\"},\"inLanguage\":\"es\",\"potentialAction\":[{\"@type\":\"ReadAction\",\"target\":[\"https:\/\/sandovalarmstrong.com\/es\/pregunte-a-hex-una-forma-mas-inteligente-de-conectar-mediante-inteligencia-artificial\/\"]}]},{\"@type\":\"BreadcrumbList\",\"@id\":\"https:\/\/sandovalarmstrong.com\/es\/pregunte-a-hex-una-forma-mas-inteligente-de-conectar-mediante-inteligencia-artificial\/#breadcrumb\",\"itemListElement\":[{\"@type\":\"ListItem\",\"position\":1,\"name\":\"Inicio\",\"item\":\"https:\/\/sandovalarmstrong.com\/es\/\"},{\"@type\":\"ListItem\",\"position\":2,\"name\":\"\u00a1Pregunte a HEX!\"}]},{\"@type\":\"WebSite\",\"@id\":\"https:\/\/sandovalarmstrong.com\/es\/#website\",\"url\":\"https:\/\/sandovalarmstrong.com\/es\/\",\"name\":\"Sandoval &amp; Armstrong - Spanish\",\"description\":\"\",\"potentialAction\":[{\"@type\":\"SearchAction\",\"target\":{\"@type\":\"EntryPoint\",\"urlTemplate\":\"https:\/\/sandovalarmstrong.com\/es\/?s={search_term_string}\"},\"query-input\":{\"@type\":\"PropertyValueSpecification\",\"valueRequired\":true,\"valueName\":\"search_term_string\"}}],\"inLanguage\":\"es\"}]}<\/script>\n<!-- \/ Yoast SEO plugin. -->","yoast_head_json":{"title":"\u00a1Pregunte a HEX! \u00a1Una forma m\u00e1s inteligente de conectar con IA! - Sandoval &amp; Armstrong - Spanish","description":"Actualmente navegamos una revoluci\u00f3n tecnol\u00f3gica que impacta casi todos los aspectos de nuestra vida diaria. La Inteligencia Artificial...","robots":{"index":"index","follow":"follow","max-snippet":"max-snippet:-1","max-image-preview":"max-image-preview:large","max-video-preview":"max-video-preview:-1"},"canonical":"https:\/\/sandovalarmstrong.com\/es\/pregunte-a-hex-una-forma-mas-inteligente-de-conectar-mediante-inteligencia-artificial\/","og_locale":"es_MX","og_type":"article","og_title":"\u00a1Pregunte a HEX! \u00a1Una forma m\u00e1s inteligente de conectar con IA! - Sandoval &amp; Armstrong - Spanish","og_description":"Actualmente navegamos una revoluci\u00f3n tecnol\u00f3gica que impacta casi todos los aspectos de nuestra vida diaria. La Inteligencia Artificial...","og_url":"https:\/\/sandovalarmstrong.com\/es\/pregunte-a-hex-una-forma-mas-inteligente-de-conectar-mediante-inteligencia-artificial\/","og_site_name":"Sandoval &amp; Armstrong - Spanish","article_modified_time":"2025-11-20T19:03:18+00:00","twitter_card":"summary_large_image","twitter_misc":{"Est. reading time":"3 minutos"},"schema":{"@context":"https:\/\/schema.org","@graph":[{"@type":"WebPage","@id":"https:\/\/sandovalarmstrong.com\/es\/pregunte-a-hex-una-forma-mas-inteligente-de-conectar-mediante-inteligencia-artificial\/","url":"https:\/\/sandovalarmstrong.com\/es\/pregunte-a-hex-una-forma-mas-inteligente-de-conectar-mediante-inteligencia-artificial\/","name":"\u00a1Pregunte a HEX! \u00a1Una forma m\u00e1s inteligente de conectar con IA! - Sandoval &amp; Armstrong - Spanish","isPartOf":{"@id":"https:\/\/sandovalarmstrong.com\/es\/#website"},"datePublished":"2025-11-20T19:03:17+00:00","dateModified":"2025-11-20T19:03:18+00:00","description":"Actualmente navegamos una revoluci\u00f3n tecnol\u00f3gica que impacta casi todos los aspectos de nuestra vida diaria. La Inteligencia Artificial...","breadcrumb":{"@id":"https:\/\/sandovalarmstrong.com\/es\/pregunte-a-hex-una-forma-mas-inteligente-de-conectar-mediante-inteligencia-artificial\/#breadcrumb"},"inLanguage":"es","potentialAction":[{"@type":"ReadAction","target":["https:\/\/sandovalarmstrong.com\/es\/pregunte-a-hex-una-forma-mas-inteligente-de-conectar-mediante-inteligencia-artificial\/"]}]},{"@type":"BreadcrumbList","@id":"https:\/\/sandovalarmstrong.com\/es\/pregunte-a-hex-una-forma-mas-inteligente-de-conectar-mediante-inteligencia-artificial\/#breadcrumb","itemListElement":[{"@type":"ListItem","position":1,"name":"Inicio","item":"https:\/\/sandovalarmstrong.com\/es\/"},{"@type":"ListItem","position":2,"name":"\u00a1Pregunte a HEX!"}]},{"@type":"WebSite","@id":"https:\/\/sandovalarmstrong.com\/es\/#website","url":"https:\/\/sandovalarmstrong.com\/es\/","name":"Sandoval &amp; Armstrong - Spanish","description":"","potentialAction":[{"@type":"SearchAction","target":{"@type":"EntryPoint","urlTemplate":"https:\/\/sandovalarmstrong.com\/es\/?s={search_term_string}"},"query-input":{"@type":"PropertyValueSpecification","valueRequired":true,"valueName":"search_term_string"}}],"inLanguage":"es"}]}},"uagb_featured_image_src":{"full":false,"thumbnail":false,"medium":false,"medium_large":false,"large":false,"1536x1536":false,"2048x2048":false,"gform-image-choice-sm":false,"gform-image-choice-md":false,"gform-image-choice-lg":false},"uagb_author_info":{"display_name":"sandovalarmstr","author_link":"https:\/\/sandovalarmstrong.com\/es\/author\/sandovalarmstr\/"},"uagb_comment_info":0,"uagb_excerpt":"Pregunte a HEX \u2013 Asistencia Legal Impulsada por IA de Sandoval &amp; Armstrong, PLLC Adoptando la Revoluci\u00f3n Tecnol\u00f3gica Actualmente navegamos una revoluci\u00f3n tecnol\u00f3gica que impacta casi todos los aspectos de nuestra vida diaria. La Inteligencia Artificial (IA) se ha convertido en un elemento b\u00e1sico del mundo en l\u00ednea, y profesionales de diversas industrias est\u00e1n adoptando...&hellip;","_links":{"self":[{"href":"https:\/\/sandovalarmstrong.com\/es\/wp-json\/wp\/v2\/pages\/301","targetHints":{"allow":["GET"]}}],"collection":[{"href":"https:\/\/sandovalarmstrong.com\/es\/wp-json\/wp\/v2\/pages"}],"about":[{"href":"https:\/\/sandovalarmstrong.com\/es\/wp-json\/wp\/v2\/types\/page"}],"author":[{"embeddable":true,"href":"https:\/\/sandovalarmstrong.com\/es\/wp-json\/wp\/v2\/users\/1"}],"replies":[{"embeddable":true,"href":"https:\/\/sandovalarmstrong.com\/es\/wp-json\/wp\/v2\/comments?post=301"}],"version-history":[{"count":0,"href":"https:\/\/sandovalarmstrong.com\/es\/wp-json\/wp\/v2\/pages\/301\/revisions"}],"wp:attachment":[{"href":"https:\/\/sandovalarmstrong.com\/es\/wp-json\/wp\/v2\/media?parent=301"}],"curies":[{"name":"wp","href":"https:\/\/api.w.org\/{rel}","templated":true}]}}