{"id":55,"date":"2025-03-28T10:04:44","date_gmt":"2025-03-28T15:04:44","guid":{"rendered":"https:\/\/sandovalarmstr.wpenginepowered.com\/es\/?page_id=55"},"modified":"2025-08-01T14:56:27","modified_gmt":"2025-08-01T19:56:27","slug":"contactenos","status":"publish","type":"page","link":"https:\/\/sandovalarmstrong.com\/es\/contactenos\/","title":{"rendered":"Cont\u00e1ctenos"},"content":{"rendered":"\n<p>En <a href=\"\/our-attorneys\/\">Sandoval &amp; Armstrong<\/a>, nos comprometemos a brindar asesor\u00eda legal experta con un enfoque personalizado. Ya sea que necesite representaci\u00f3n legal, tenga preguntas sobre su caso o desee programar una consulta, nuestro equipo est\u00e1 aqu\u00ed para ayudarle.<\/p>\n\n\n\n<div class=\"wp-block-columns is-layout-flex wp-container-core-columns-is-layout-9d6595d7 wp-block-columns-is-layout-flex\">\n<div class=\"wp-block-column is-layout-flow wp-block-column-is-layout-flow\">\n<h3 class=\"wp-block-heading address-icon\"><strong><strong>Oficina en Dallas<\/strong><\/strong>:<\/h3>\n\n\n\n<p>4040 North Central Expressway, Suite 400<br>Dallas, Texas 75204<br>(Oficina Principal)<\/p>\n\n\n\n<p>\ud83d\udcde <strong><strong>Tel\u00e9fono<\/strong>:<\/strong> <a href=\"tel:+12142143777\">(214) 214-3777<\/a><\/p>\n\n\n\n<iframe src=\"https:\/\/www.google.com\/maps\/embed?pb=!1m18!1m12!1m3!1d3353.236432440119!2d-96.79285268815075!3d32.812499882060735!2m3!1f0!2f0!3f0!3m2!1i1024!2i768!4f13.1!3m3!1m2!1s0x864e9f29bad120f1%3A0xbddb000637445119!2s4040%20N%20Central%20Expy%20%23400%2C%20Dallas%2C%20TX%2075204!5e0!3m2!1sen!2sus!4v1754077994694!5m2!1sen!2sus\" width=\"600\" height=\"450\" style=\"border:0;\" allowfullscreen=\"\" loading=\"lazy\" referrerpolicy=\"no-referrer-when-downgrade\"><\/iframe>\n<\/div>\n\n\n\n<div class=\"wp-block-column is-layout-flow wp-block-column-is-layout-flow\">\n<h3 class=\"wp-block-heading address-icon\"><strong>Oficina en Houston:<\/strong><\/h3>\n\n\n\n<p>9709 Lakeside Blvd.,Suite 525<br>The Woodlands, TX 77381<\/p>\n\n\n\n<p>\ud83d\udcde <strong>Tel\u00e9fono:<\/strong> <a href=\"tel:+12142143777\">(214) 214-3777<\/a><\/p>\n\n\n\n<iframe src=\"https:\/\/www.google.com\/maps\/embed?pb=!1m14!1m8!1m3!1d6898.319730455529!2d-95.475235!3d30.175427000000003!3m2!1i1024!2i768!4f13.1!3m3!1m2!1s0x864736d307eaee27%3A0xe736ace110882131!2s9709%20Lakeside%20Blvd%20suite%20525%2C%20The%20Woodlands%2C%20TX%2077381!5e0!3m2!1sen!2sus!4v1747945109463!5m2!1sen!2sus\" width=\"600\" height=\"450\" style=\"border:0;\" allowfullscreen=\"\" loading=\"lazy\" referrerpolicy=\"no-referrer-when-downgrade\"><\/iframe>\n<\/div>\n<\/div>\n\n\n\n<div style=\"height:40px\" aria-hidden=\"true\" class=\"wp-block-spacer\"><\/div>\n\n\n\n<p>Estamos listos para ayudarle con sus necesidades legales. \u00a1Cont\u00e1ctenos hoy para agendar una cita!<\/p>\n","protected":false},"excerpt":{"rendered":"<p>En Sandoval &amp; Armstrong, nos comprometemos a brindar asesor\u00eda legal experta con un enfoque personalizado. Ya sea que necesite representaci\u00f3n legal, tenga preguntas sobre su caso o desee programar una consulta, nuestro equipo est\u00e1 aqu\u00ed para ayudarle. Oficina en Dallas: 4040 North Central Expressway, Suite 400Dallas, Texas 75204(Oficina Principal) \ud83d\udcde Tel\u00e9fono: (214) 214-3777 Oficina en&#8230; <a class=\"more-link\" href=\"https:\/\/sandovalarmstrong.com\/es\/contactenos\/\">[Read More]<\/a><\/p>\n","protected":false},"author":1,"featured_media":0,"parent":0,"menu_order":0,"comment_status":"closed","ping_status":"closed","template":"","meta":{"_acf_changed":false,"inline_featured_image":false,"_uag_custom_page_level_css":"","_genesis_hide_title":false,"_genesis_hide_breadcrumbs":false,"_genesis_hide_singular_image":false,"_genesis_hide_footer_widgets":false,"_genesis_custom_body_class":"","_genesis_custom_post_class":"","_genesis_layout":"","footnotes":""},"class_list":{"0":"post-55","1":"page","2":"type-page","3":"status-publish","5":"entry"},"acf":[],"yoast_head":"<!-- This site is optimized with the Yoast SEO plugin v26.8 - https:\/\/yoast.com\/product\/yoast-seo-wordpress\/ -->\n<title>Cont\u00e1ctenos - Sandoval &amp; Armstrong - Spanish<\/title>\n<meta name=\"description\" content=\"En Sandoval &amp; Armstrong, nos comprometemos a brindar asesor\u00eda legal experta con un enfoque personalizado. Ya sea que necesite representaci\u00f3n legal,\" \/>\n<meta name=\"robots\" content=\"index, follow, max-snippet:-1, max-image-preview:large, max-video-preview:-1\" \/>\n<link rel=\"canonical\" href=\"https:\/\/sandovalarmstrong.com\/es\/contactenos\/\" \/>\n<meta property=\"og:locale\" content=\"es_MX\" \/>\n<meta property=\"og:type\" content=\"article\" \/>\n<meta property=\"og:title\" content=\"Cont\u00e1ctenos - Sandoval &amp; Armstrong - Spanish\" \/>\n<meta property=\"og:description\" content=\"En Sandoval &amp; Armstrong, nos comprometemos a brindar asesor\u00eda legal experta con un enfoque personalizado. Ya sea que necesite representaci\u00f3n legal,\" \/>\n<meta property=\"og:url\" content=\"https:\/\/sandovalarmstrong.com\/es\/contactenos\/\" \/>\n<meta property=\"og:site_name\" content=\"Sandoval &amp; Armstrong - Spanish\" \/>\n<meta property=\"article:modified_time\" content=\"2025-08-01T19:56:27+00:00\" \/>\n<meta name=\"twitter:card\" content=\"summary_large_image\" \/>\n<meta name=\"twitter:label1\" content=\"Est. reading time\" \/>\n\t<meta name=\"twitter:data1\" content=\"1 minuto\" \/>\n<script type=\"application\/ld+json\" class=\"yoast-schema-graph\">{\"@context\":\"https:\/\/schema.org\",\"@graph\":[{\"@type\":\"WebPage\",\"@id\":\"https:\/\/sandovalarmstrong.com\/es\/contactenos\/\",\"url\":\"https:\/\/sandovalarmstrong.com\/es\/contactenos\/\",\"name\":\"Cont\u00e1ctenos - Sandoval &amp; Armstrong - Spanish\",\"isPartOf\":{\"@id\":\"https:\/\/sandovalarmstrong.com\/es\/#website\"},\"datePublished\":\"2025-03-28T15:04:44+00:00\",\"dateModified\":\"2025-08-01T19:56:27+00:00\",\"description\":\"En Sandoval &amp; Armstrong, nos comprometemos a brindar asesor\u00eda legal experta con un enfoque personalizado. Ya sea que necesite representaci\u00f3n legal,\",\"breadcrumb\":{\"@id\":\"https:\/\/sandovalarmstrong.com\/es\/contactenos\/#breadcrumb\"},\"inLanguage\":\"es\",\"potentialAction\":[{\"@type\":\"ReadAction\",\"target\":[\"https:\/\/sandovalarmstrong.com\/es\/contactenos\/\"]}]},{\"@type\":\"BreadcrumbList\",\"@id\":\"https:\/\/sandovalarmstrong.com\/es\/contactenos\/#breadcrumb\",\"itemListElement\":[{\"@type\":\"ListItem\",\"position\":1,\"name\":\"Inicio\",\"item\":\"https:\/\/sandovalarmstrong.com\/es\/\"},{\"@type\":\"ListItem\",\"position\":2,\"name\":\"Cont\u00e1ctenos\"}]},{\"@type\":\"WebSite\",\"@id\":\"https:\/\/sandovalarmstrong.com\/es\/#website\",\"url\":\"https:\/\/sandovalarmstrong.com\/es\/\",\"name\":\"Sandoval &amp; Armstrong - Spanish\",\"description\":\"\",\"potentialAction\":[{\"@type\":\"SearchAction\",\"target\":{\"@type\":\"EntryPoint\",\"urlTemplate\":\"https:\/\/sandovalarmstrong.com\/es\/?s={search_term_string}\"},\"query-input\":{\"@type\":\"PropertyValueSpecification\",\"valueRequired\":true,\"valueName\":\"search_term_string\"}}],\"inLanguage\":\"es\"}]}<\/script>\n<!-- \/ Yoast SEO plugin. -->","yoast_head_json":{"title":"Cont\u00e1ctenos - Sandoval &amp; Armstrong - Spanish","description":"En Sandoval &amp; Armstrong, nos comprometemos a brindar asesor\u00eda legal experta con un enfoque personalizado. Ya sea que necesite representaci\u00f3n legal,","robots":{"index":"index","follow":"follow","max-snippet":"max-snippet:-1","max-image-preview":"max-image-preview:large","max-video-preview":"max-video-preview:-1"},"canonical":"https:\/\/sandovalarmstrong.com\/es\/contactenos\/","og_locale":"es_MX","og_type":"article","og_title":"Cont\u00e1ctenos - Sandoval &amp; Armstrong - Spanish","og_description":"En Sandoval &amp; Armstrong, nos comprometemos a brindar asesor\u00eda legal experta con un enfoque personalizado. Ya sea que necesite representaci\u00f3n legal,","og_url":"https:\/\/sandovalarmstrong.com\/es\/contactenos\/","og_site_name":"Sandoval &amp; Armstrong - Spanish","article_modified_time":"2025-08-01T19:56:27+00:00","twitter_card":"summary_large_image","twitter_misc":{"Est. reading time":"1 minuto"},"schema":{"@context":"https:\/\/schema.org","@graph":[{"@type":"WebPage","@id":"https:\/\/sandovalarmstrong.com\/es\/contactenos\/","url":"https:\/\/sandovalarmstrong.com\/es\/contactenos\/","name":"Cont\u00e1ctenos - Sandoval &amp; Armstrong - Spanish","isPartOf":{"@id":"https:\/\/sandovalarmstrong.com\/es\/#website"},"datePublished":"2025-03-28T15:04:44+00:00","dateModified":"2025-08-01T19:56:27+00:00","description":"En Sandoval &amp; Armstrong, nos comprometemos a brindar asesor\u00eda legal experta con un enfoque personalizado. Ya sea que necesite representaci\u00f3n legal,","breadcrumb":{"@id":"https:\/\/sandovalarmstrong.com\/es\/contactenos\/#breadcrumb"},"inLanguage":"es","potentialAction":[{"@type":"ReadAction","target":["https:\/\/sandovalarmstrong.com\/es\/contactenos\/"]}]},{"@type":"BreadcrumbList","@id":"https:\/\/sandovalarmstrong.com\/es\/contactenos\/#breadcrumb","itemListElement":[{"@type":"ListItem","position":1,"name":"Inicio","item":"https:\/\/sandovalarmstrong.com\/es\/"},{"@type":"ListItem","position":2,"name":"Cont\u00e1ctenos"}]},{"@type":"WebSite","@id":"https:\/\/sandovalarmstrong.com\/es\/#website","url":"https:\/\/sandovalarmstrong.com\/es\/","name":"Sandoval &amp; Armstrong - Spanish","description":"","potentialAction":[{"@type":"SearchAction","target":{"@type":"EntryPoint","urlTemplate":"https:\/\/sandovalarmstrong.com\/es\/?s={search_term_string}"},"query-input":{"@type":"PropertyValueSpecification","valueRequired":true,"valueName":"search_term_string"}}],"inLanguage":"es"}]}},"uagb_featured_image_src":{"full":false,"thumbnail":false,"medium":false,"medium_large":false,"large":false,"1536x1536":false,"2048x2048":false,"gform-image-choice-sm":false,"gform-image-choice-md":false,"gform-image-choice-lg":false},"uagb_author_info":{"display_name":"sandovalarmstr","author_link":"https:\/\/sandovalarmstrong.com\/es\/author\/sandovalarmstr\/"},"uagb_comment_info":0,"uagb_excerpt":"En Sandoval &amp; Armstrong, nos comprometemos a brindar asesor\u00eda legal experta con un enfoque personalizado. Ya sea que necesite representaci\u00f3n legal, tenga preguntas sobre su caso o desee programar una consulta, nuestro equipo est\u00e1 aqu\u00ed para ayudarle. Oficina en Dallas: 4040 North Central Expressway, Suite 400Dallas, Texas 75204(Oficina Principal) \ud83d\udcde Tel\u00e9fono: (214) 214-3777 Oficina en...&hellip;","_links":{"self":[{"href":"https:\/\/sandovalarmstrong.com\/es\/wp-json\/wp\/v2\/pages\/55","targetHints":{"allow":["GET"]}}],"collection":[{"href":"https:\/\/sandovalarmstrong.com\/es\/wp-json\/wp\/v2\/pages"}],"about":[{"href":"https:\/\/sandovalarmstrong.com\/es\/wp-json\/wp\/v2\/types\/page"}],"author":[{"embeddable":true,"href":"https:\/\/sandovalarmstrong.com\/es\/wp-json\/wp\/v2\/users\/1"}],"replies":[{"embeddable":true,"href":"https:\/\/sandovalarmstrong.com\/es\/wp-json\/wp\/v2\/comments?post=55"}],"version-history":[{"count":0,"href":"https:\/\/sandovalarmstrong.com\/es\/wp-json\/wp\/v2\/pages\/55\/revisions"}],"wp:attachment":[{"href":"https:\/\/sandovalarmstrong.com\/es\/wp-json\/wp\/v2\/media?parent=55"}],"curies":[{"name":"wp","href":"https:\/\/api.w.org\/{rel}","templated":true}]}}