{"id":89,"date":"2025-05-08T14:29:44","date_gmt":"2025-05-08T19:29:44","guid":{"rendered":"https:\/\/sandovalarmstrong.com\/es\/?page_id=89"},"modified":"2025-05-08T14:29:45","modified_gmt":"2025-05-08T19:29:45","slug":"hector-sandoval","status":"publish","type":"page","link":"https:\/\/sandovalarmstrong.com\/es\/nuestros-abogados\/hector-sandoval\/","title":{"rendered":"Abogado Hector Sandoval"},"content":{"rendered":"\n<h2 class=\"wp-block-heading\">Abogado con experiencia en lesiones laborales en el norte de Texas<\/h2>\n\n\n<div class=\"wp-block-image\">\n<figure class=\"alignleft size-full is-resized\"><img decoding=\"async\" src=\"https:\/\/sandovalarmstrong.com\/wp-content\/uploads\/2025\/03\/sandoval-photo-2.jpg\" alt=\"Hector Sandoval\" class=\"wp-image-285\" style=\"width:500px\"\/><\/figure>\n<\/div>\n\n\n<h2 class=\"wp-block-heading\">Dallas | Fort Worth | Arlington | Plano<\/h2>\n\n\n\n<p>En Sandoval Armstrong, PLLC, nos comprometemos a defender los derechos de los trabajadores lesionados y las v\u00edctimas de accidentes automovil\u00edsticos en todo el norte de Texas. Si bien nuestra firma tiene su sede en Houston, una parte significativa de nuestros casos proviene del \u00e1rea metropolitana de <strong>Dallas-Fort Worth<\/strong>, incluyendo <strong>Arlington y Plano<\/strong>. Hemos presentado con \u00e9xito demandas por lesiones personales para personas en todo Texas, garantizando que las empresas y los conductores negligentes rindan cuentas por sus acciones.<\/p>\n\n\n\n<h3 class=\"wp-block-heading\">Luchando por los tejanos heridos<\/h3>\n\n\n\n<p>El abogado Sandoval se dedica a aplicar las leyes dise\u00f1adas para proteger a los trabajadores lesionados y a los conductores responsables. Ya sea que su lesi\u00f3n laboral haya ocurrido en un almac\u00e9n o al conducir un cami\u00f3n de la empresa, nuestro bufete busca con ah\u00ednco la justicia, garantizando que los responsables de negligencia rindan cuentas.<\/p>\n\n\n\n<h3 class=\"wp-block-heading\">Reconocimiento y Credenciales:<\/h3>\n\n\n\n<ul class=\"wp-block-list\">\n<li>Super Lawyers Rising Star (2014\u20132017) y Super Lawyer (2024).<\/li>\n\n\n\n<li>Miembro de State Bar of Texas, American Association of Justice, National Trial Lawyers, y m\u00faltiple asociaciones legales hispanas.<\/li>\n\n\n\n<li>Admitido en Tribunales de Distrito de los Estados Unidos (Sur\/Este de Texas).<\/li>\n\n\n\n<li>Educaci\u00f3n: UT Austin (B.A.), South Texas College of Law (J.D.).<\/li>\n<\/ul>\n\n\n\n<h3 class=\"wp-block-heading\"><strong>Impulso personal:<\/strong><\/h3>\n\n\n\n<p>Con ra\u00edces en su crianza que valora el trabajo duro y la familia, la pasi\u00f3n de H\u00e9ctor nace de conectar con las dificultades de sus clientes. Motivado por la fe, la familia y la justicia, defiende con fervor a los tejanos lesionados por negligencia.<\/p>\n\n\n\n<p>A diferencia de muchas firmas de lesiones personales, brindamos <strong>atenci\u00f3n personalizada<\/strong> a cada cliente, asegurando que su caso reciba la <strong>dedicaci\u00f3n y el enfoque que merece<\/strong>. Si usted o un ser querido ha resultado lesionado en <strong>Dallas, Fort Worth, Arlington o Plano,<\/strong> deje que Sandoval Armstrong luche por la compensaci\u00f3n que merece.<\/p>\n\n\n\n<p>\ud83d\udcde <strong>Cont\u00e1ctenos hoy al <strong><a href=\"tel:+12142143777\">(214) 214-3777<\/a><\/strong><\/strong> <strong>para una consulta gratuita.<\/strong><\/p>\n\n\n\n<p><em>La experiencia, la integridad y la defensa incansable definen el compromiso de H\u00e9ctor con los trabajadores lesionados.<\/em><\/p>\n\n\n\n<div class=\"carousel\">\n        <div style=\"display: inline-block; margin-right: 20px;\">\n            <img decoding=\"async\" src=\"\/wp-content\/uploads\/2025\/03\/logo-trial-lawyer.png\" alt=\"Trial lawyer\" style=\"width: 120px; height: 120px; object-fit: cover;\">\n        <\/div>\n        <div style=\"display: inline-block; margin-right: 20px;\">\n            <img decoding=\"async\" src=\"\/wp-content\/uploads\/2025\/03\/logo-ttla.png\" alt=\"ttla\" style=\"width: 119.1px; height: 120px; object-fit: cover;\">\n        <\/div>\n        <div style=\"display: inline-block; margin-right: 20px;\">\n            <img decoding=\"async\" src=\"\/wp-content\/uploads\/2025\/03\/logo-htla.png\" alt=\"htla\" style=\"width: 140px; height: 73.28px; object-fit: cover;\">\n        <\/div>\n        <div style=\"display: inline-block; margin-right: 20px;\">\n            <img decoding=\"async\" src=\"\/wp-content\/uploads\/2025\/03\/logo-superlawyers.png\" alt=\"superlawyers\" style=\"width: 140px; height: 76.47px; object-fit: cover;\">\n        <\/div>\n        <div style=\"display: inline-block; margin-right: 20px;\">\n            <img decoding=\"async\" src=\"\/wp-content\/uploads\/2025\/03\/super-lawyers-sandoval-img.png\" alt=\"super lawyers sandoval\" style=\"width: 140px; height: 116.8px; object-fit: cover;\">\n        <\/div>\n        <div style=\"display: inline-block; margin-right: 20px;\">\n            <img decoding=\"async\" src=\"\/wp-content\/uploads\/2025\/03\/logo-top-100.png\" alt=\"logo top-100\" style=\"width: 126.38px; height: 120px; object-fit: cover;\">\n        <\/div>\n        <div style=\"display: inline-block; margin-right: 20px;\">\n            <img decoding=\"async\" src=\"\/wp-content\/uploads\/2025\/03\/TTLA-Top-10.png\" alt=\"TTLA Top 10\" style=\"width: 120px; height: 120px; object-fit: cover;\">\n        <\/div>\n    <\/div>\n","protected":false},"excerpt":{"rendered":"<p>Abogado con experiencia en lesiones laborales en el norte de Texas Dallas | Fort Worth | Arlington | Plano En Sandoval Armstrong, PLLC, nos comprometemos a defender los derechos de los trabajadores lesionados y las v\u00edctimas de accidentes automovil\u00edsticos en todo el norte de Texas. Si bien nuestra firma tiene su sede en Houston, una&#8230; <a class=\"more-link\" href=\"https:\/\/sandovalarmstrong.com\/es\/nuestros-abogados\/hector-sandoval\/\">[Read More]<\/a><\/p>\n","protected":false},"author":1,"featured_media":0,"parent":84,"menu_order":0,"comment_status":"closed","ping_status":"closed","template":"","meta":{"_acf_changed":false,"inline_featured_image":false,"_uag_custom_page_level_css":"","_genesis_hide_title":false,"_genesis_hide_breadcrumbs":false,"_genesis_hide_singular_image":false,"_genesis_hide_footer_widgets":false,"_genesis_custom_body_class":"","_genesis_custom_post_class":"","_genesis_layout":"","footnotes":""},"class_list":{"0":"post-89","1":"page","2":"type-page","3":"status-publish","5":"entry"},"acf":[],"yoast_head":"<!-- This site is optimized with the Yoast SEO plugin v26.8 - https:\/\/yoast.com\/product\/yoast-seo-wordpress\/ -->\n<title>Abogado Hector Sandoval - Sandoval &amp; Armstrong - Spanish<\/title>\n<meta name=\"description\" content=\"Abogado con experiencia en lesiones laborales en el norte de Texas Dallas | Fort Worth | Arlington | Plano En Sandoval Armstrong, PLLC, nos comprometemos\" \/>\n<meta name=\"robots\" content=\"index, follow, max-snippet:-1, max-image-preview:large, max-video-preview:-1\" \/>\n<link rel=\"canonical\" href=\"https:\/\/sandovalarmstrong.com\/es\/nuestros-abogados\/hector-sandoval\/\" \/>\n<meta property=\"og:locale\" content=\"es_MX\" \/>\n<meta property=\"og:type\" content=\"article\" \/>\n<meta property=\"og:title\" content=\"Abogado Hector Sandoval - Sandoval &amp; Armstrong - Spanish\" \/>\n<meta property=\"og:description\" content=\"Abogado con experiencia en lesiones laborales en el norte de Texas Dallas | Fort Worth | Arlington | Plano En Sandoval Armstrong, PLLC, nos comprometemos\" \/>\n<meta property=\"og:url\" content=\"https:\/\/sandovalarmstrong.com\/es\/nuestros-abogados\/hector-sandoval\/\" \/>\n<meta property=\"og:site_name\" content=\"Sandoval &amp; Armstrong - Spanish\" \/>\n<meta property=\"article:modified_time\" content=\"2025-05-08T19:29:45+00:00\" \/>\n<meta name=\"twitter:card\" content=\"summary_large_image\" \/>\n<meta name=\"twitter:label1\" content=\"Est. reading time\" \/>\n\t<meta name=\"twitter:data1\" content=\"4 minutos\" \/>\n<script type=\"application\/ld+json\" class=\"yoast-schema-graph\">{\"@context\":\"https:\/\/schema.org\",\"@graph\":[{\"@type\":\"WebPage\",\"@id\":\"https:\/\/sandovalarmstrong.com\/es\/nuestros-abogados\/hector-sandoval\/\",\"url\":\"https:\/\/sandovalarmstrong.com\/es\/nuestros-abogados\/hector-sandoval\/\",\"name\":\"Abogado Hector Sandoval - Sandoval &amp; Armstrong - Spanish\",\"isPartOf\":{\"@id\":\"https:\/\/sandovalarmstrong.com\/es\/#website\"},\"primaryImageOfPage\":{\"@id\":\"https:\/\/sandovalarmstrong.com\/es\/nuestros-abogados\/hector-sandoval\/#primaryimage\"},\"image\":{\"@id\":\"https:\/\/sandovalarmstrong.com\/es\/nuestros-abogados\/hector-sandoval\/#primaryimage\"},\"thumbnailUrl\":\"https:\/\/sandovalarmstrong.com\/wp-content\/uploads\/2025\/03\/sandoval-photo-2.jpg\",\"datePublished\":\"2025-05-08T19:29:44+00:00\",\"dateModified\":\"2025-05-08T19:29:45+00:00\",\"description\":\"Abogado con experiencia en lesiones laborales en el norte de Texas Dallas | Fort Worth | Arlington | Plano En Sandoval Armstrong, PLLC, nos comprometemos\",\"breadcrumb\":{\"@id\":\"https:\/\/sandovalarmstrong.com\/es\/nuestros-abogados\/hector-sandoval\/#breadcrumb\"},\"inLanguage\":\"es\",\"potentialAction\":[{\"@type\":\"ReadAction\",\"target\":[\"https:\/\/sandovalarmstrong.com\/es\/nuestros-abogados\/hector-sandoval\/\"]}]},{\"@type\":\"ImageObject\",\"inLanguage\":\"es\",\"@id\":\"https:\/\/sandovalarmstrong.com\/es\/nuestros-abogados\/hector-sandoval\/#primaryimage\",\"url\":\"https:\/\/sandovalarmstrong.com\/wp-content\/uploads\/2025\/03\/sandoval-photo-2.jpg\",\"contentUrl\":\"https:\/\/sandovalarmstrong.com\/wp-content\/uploads\/2025\/03\/sandoval-photo-2.jpg\"},{\"@type\":\"BreadcrumbList\",\"@id\":\"https:\/\/sandovalarmstrong.com\/es\/nuestros-abogados\/hector-sandoval\/#breadcrumb\",\"itemListElement\":[{\"@type\":\"ListItem\",\"position\":1,\"name\":\"Inicio\",\"item\":\"https:\/\/sandovalarmstrong.com\/es\/\"},{\"@type\":\"ListItem\",\"position\":2,\"name\":\"Nuestros abogados\",\"item\":\"https:\/\/sandovalarmstrong.com\/es\/nuestros-abogados\/\"},{\"@type\":\"ListItem\",\"position\":3,\"name\":\"Abogado Hector Sandoval\"}]},{\"@type\":\"WebSite\",\"@id\":\"https:\/\/sandovalarmstrong.com\/es\/#website\",\"url\":\"https:\/\/sandovalarmstrong.com\/es\/\",\"name\":\"Sandoval &amp; Armstrong - Spanish\",\"description\":\"\",\"potentialAction\":[{\"@type\":\"SearchAction\",\"target\":{\"@type\":\"EntryPoint\",\"urlTemplate\":\"https:\/\/sandovalarmstrong.com\/es\/?s={search_term_string}\"},\"query-input\":{\"@type\":\"PropertyValueSpecification\",\"valueRequired\":true,\"valueName\":\"search_term_string\"}}],\"inLanguage\":\"es\"}]}<\/script>\n<!-- \/ Yoast SEO plugin. -->","yoast_head_json":{"title":"Abogado Hector Sandoval - Sandoval &amp; Armstrong - Spanish","description":"Abogado con experiencia en lesiones laborales en el norte de Texas Dallas | Fort Worth | Arlington | Plano En Sandoval Armstrong, PLLC, nos comprometemos","robots":{"index":"index","follow":"follow","max-snippet":"max-snippet:-1","max-image-preview":"max-image-preview:large","max-video-preview":"max-video-preview:-1"},"canonical":"https:\/\/sandovalarmstrong.com\/es\/nuestros-abogados\/hector-sandoval\/","og_locale":"es_MX","og_type":"article","og_title":"Abogado Hector Sandoval - Sandoval &amp; Armstrong - Spanish","og_description":"Abogado con experiencia en lesiones laborales en el norte de Texas Dallas | Fort Worth | Arlington | Plano En Sandoval Armstrong, PLLC, nos comprometemos","og_url":"https:\/\/sandovalarmstrong.com\/es\/nuestros-abogados\/hector-sandoval\/","og_site_name":"Sandoval &amp; Armstrong - Spanish","article_modified_time":"2025-05-08T19:29:45+00:00","twitter_card":"summary_large_image","twitter_misc":{"Est. reading time":"4 minutos"},"schema":{"@context":"https:\/\/schema.org","@graph":[{"@type":"WebPage","@id":"https:\/\/sandovalarmstrong.com\/es\/nuestros-abogados\/hector-sandoval\/","url":"https:\/\/sandovalarmstrong.com\/es\/nuestros-abogados\/hector-sandoval\/","name":"Abogado Hector Sandoval - Sandoval &amp; Armstrong - Spanish","isPartOf":{"@id":"https:\/\/sandovalarmstrong.com\/es\/#website"},"primaryImageOfPage":{"@id":"https:\/\/sandovalarmstrong.com\/es\/nuestros-abogados\/hector-sandoval\/#primaryimage"},"image":{"@id":"https:\/\/sandovalarmstrong.com\/es\/nuestros-abogados\/hector-sandoval\/#primaryimage"},"thumbnailUrl":"https:\/\/sandovalarmstrong.com\/wp-content\/uploads\/2025\/03\/sandoval-photo-2.jpg","datePublished":"2025-05-08T19:29:44+00:00","dateModified":"2025-05-08T19:29:45+00:00","description":"Abogado con experiencia en lesiones laborales en el norte de Texas Dallas | Fort Worth | Arlington | Plano En Sandoval Armstrong, PLLC, nos comprometemos","breadcrumb":{"@id":"https:\/\/sandovalarmstrong.com\/es\/nuestros-abogados\/hector-sandoval\/#breadcrumb"},"inLanguage":"es","potentialAction":[{"@type":"ReadAction","target":["https:\/\/sandovalarmstrong.com\/es\/nuestros-abogados\/hector-sandoval\/"]}]},{"@type":"ImageObject","inLanguage":"es","@id":"https:\/\/sandovalarmstrong.com\/es\/nuestros-abogados\/hector-sandoval\/#primaryimage","url":"https:\/\/sandovalarmstrong.com\/wp-content\/uploads\/2025\/03\/sandoval-photo-2.jpg","contentUrl":"https:\/\/sandovalarmstrong.com\/wp-content\/uploads\/2025\/03\/sandoval-photo-2.jpg"},{"@type":"BreadcrumbList","@id":"https:\/\/sandovalarmstrong.com\/es\/nuestros-abogados\/hector-sandoval\/#breadcrumb","itemListElement":[{"@type":"ListItem","position":1,"name":"Inicio","item":"https:\/\/sandovalarmstrong.com\/es\/"},{"@type":"ListItem","position":2,"name":"Nuestros abogados","item":"https:\/\/sandovalarmstrong.com\/es\/nuestros-abogados\/"},{"@type":"ListItem","position":3,"name":"Abogado Hector Sandoval"}]},{"@type":"WebSite","@id":"https:\/\/sandovalarmstrong.com\/es\/#website","url":"https:\/\/sandovalarmstrong.com\/es\/","name":"Sandoval &amp; Armstrong - Spanish","description":"","potentialAction":[{"@type":"SearchAction","target":{"@type":"EntryPoint","urlTemplate":"https:\/\/sandovalarmstrong.com\/es\/?s={search_term_string}"},"query-input":{"@type":"PropertyValueSpecification","valueRequired":true,"valueName":"search_term_string"}}],"inLanguage":"es"}]}},"uagb_featured_image_src":{"full":false,"thumbnail":false,"medium":false,"medium_large":false,"large":false,"1536x1536":false,"2048x2048":false,"gform-image-choice-sm":false,"gform-image-choice-md":false,"gform-image-choice-lg":false},"uagb_author_info":{"display_name":"sandovalarmstr","author_link":"https:\/\/sandovalarmstrong.com\/es\/author\/sandovalarmstr\/"},"uagb_comment_info":0,"uagb_excerpt":"Abogado con experiencia en lesiones laborales en el norte de Texas Dallas | Fort Worth | Arlington | Plano En Sandoval Armstrong, PLLC, nos comprometemos a defender los derechos de los trabajadores lesionados y las v\u00edctimas de accidentes automovil\u00edsticos en todo el norte de Texas. Si bien nuestra firma tiene su sede en Houston, una...&hellip;","_links":{"self":[{"href":"https:\/\/sandovalarmstrong.com\/es\/wp-json\/wp\/v2\/pages\/89","targetHints":{"allow":["GET"]}}],"collection":[{"href":"https:\/\/sandovalarmstrong.com\/es\/wp-json\/wp\/v2\/pages"}],"about":[{"href":"https:\/\/sandovalarmstrong.com\/es\/wp-json\/wp\/v2\/types\/page"}],"author":[{"embeddable":true,"href":"https:\/\/sandovalarmstrong.com\/es\/wp-json\/wp\/v2\/users\/1"}],"replies":[{"embeddable":true,"href":"https:\/\/sandovalarmstrong.com\/es\/wp-json\/wp\/v2\/comments?post=89"}],"version-history":[{"count":0,"href":"https:\/\/sandovalarmstrong.com\/es\/wp-json\/wp\/v2\/pages\/89\/revisions"}],"up":[{"embeddable":true,"href":"https:\/\/sandovalarmstrong.com\/es\/wp-json\/wp\/v2\/pages\/84"}],"wp:attachment":[{"href":"https:\/\/sandovalarmstrong.com\/es\/wp-json\/wp\/v2\/media?parent=89"}],"curies":[{"name":"wp","href":"https:\/\/api.w.org\/{rel}","templated":true}]}}